{"id":2332,"date":"2023-01-21T16:24:46","date_gmt":"2023-01-21T16:24:46","guid":{"rendered":"https:\/\/www.kanu-finow.de\/?page_id=2332"},"modified":"2024-01-14T13:47:39","modified_gmt":"2024-01-14T13:47:39","slug":"planung-jahr-2023","status":"publish","type":"page","link":"https:\/\/www.kanu-finow.de\/?page_id=2332","title":{"rendered":"Planung f\u00fcr das laufende Sportjahr"},"content":{"rendered":"\n<p>Ankn\u00fcpfend an das Jahr zuvor, wollen die Seniorensportler nach wie vor aktiv sein.<\/p>\n\n\n\n<ul class=\"wp-block-list\">\n<li>Regelm\u00e4\u00dfiges Dienstagstraining im Bootshaus am Finowkanal bzw. Bootshaus Wildau in den Sommermonaten.<\/li>\n\n\n\n<li>Nutzung des&nbsp; Kraftraumes Bootshaus<\/li>\n\n\n\n<li>Radtouren z.B. in Richtung Liebenwalde am langen Tr\u00f6del entlang zur\u00fcck&nbsp; \u00fcber Gro\u00df Sch\u00f6nebeck und Eichhorst<\/li>\n\n\n\n<li>Wasserwandern nach Plan des Vereins und dar\u00fcber hinaus nach individuellen Absprachen in allen Richtungen (Lychen ,Templin, Hebewerk)<\/li>\n\n\n\n<li>Sommerfest in Wildau<\/li>\n\n\n\n<li>Wanderungen z.B. am Nonnenflie\u00df, Brodowiner Gegend, Schorfheide zu den Pinnowseen, Liepe\/Choriner Gegend usw. nach individuellen Absprachen<\/li>\n\n\n\n<li>Beteiligung an Arbeitseins\u00e4tzen an den Bootsh\u00e4usern und nach Bedarf<\/li>\n\n\n\n<li>Beteiligung bei der Ausrichtung des Schw\u00e4rzeseelauf<\/li>\n<\/ul>\n\n\n\n<p>Alle Aktivit\u00e4ten werden entsprechend der Jahreszeit terminiert und die Zeitpunkte werde individuell festgelegt.<\/p>\n\n\n\n<p>Klaus Steinh\u00e4user<\/p>\n","protected":false},"excerpt":{"rendered":"<p>Ankn\u00fcpfend an das Jahr zuvor, wollen die Seniorensportler nach wie vor aktiv sein. Alle Aktivit\u00e4ten werden entsprechend der Jahreszeit terminiert und die Zeitpunkte werde individuell festgelegt. Klaus Steinh\u00e4user<\/p>\n","protected":false},"author":6,"featured_media":0,"parent":2304,"menu_order":0,"comment_status":"closed","ping_status":"closed","template":"templates\/no-sidebar.php","meta":{"footnotes":""},"class_list":["post-2332","page","type-page","status-publish","hentry"],"_links":{"self":[{"href":"https:\/\/www.kanu-finow.de\/index.php?rest_route=\/wp\/v2\/pages\/2332","targetHints":{"allow":["GET"]}}],"collection":[{"href":"https:\/\/www.kanu-finow.de\/index.php?rest_route=\/wp\/v2\/pages"}],"about":[{"href":"https:\/\/www.kanu-finow.de\/index.php?rest_route=\/wp\/v2\/types\/page"}],"author":[{"embeddable":true,"href":"https:\/\/www.kanu-finow.de\/index.php?rest_route=\/wp\/v2\/users\/6"}],"replies":[{"embeddable":true,"href":"https:\/\/www.kanu-finow.de\/index.php?rest_route=%2Fwp%2Fv2%2Fcomments&post=2332"}],"version-history":[{"count":2,"href":"https:\/\/www.kanu-finow.de\/index.php?rest_route=\/wp\/v2\/pages\/2332\/revisions"}],"predecessor-version":[{"id":3274,"href":"https:\/\/www.kanu-finow.de\/index.php?rest_route=\/wp\/v2\/pages\/2332\/revisions\/3274"}],"up":[{"embeddable":true,"href":"https:\/\/www.kanu-finow.de\/index.php?rest_route=\/wp\/v2\/pages\/2304"}],"wp:attachment":[{"href":"https:\/\/www.kanu-finow.de\/index.php?rest_route=%2Fwp%2Fv2%2Fmedia&parent=2332"}],"curies":[{"name":"wp","href":"https:\/\/api.w.org\/{rel}","templated":true}]}}