{"id":3280,"date":"2024-01-14T14:04:26","date_gmt":"2024-01-14T14:04:26","guid":{"rendered":"https:\/\/www.kanu-finow.de\/?page_id=3280"},"modified":"2026-03-16T09:14:51","modified_gmt":"2026-03-16T09:14:51","slug":"aktuelles","status":"publish","type":"page","link":"https:\/\/www.kanu-finow.de\/?page_id=3280","title":{"rendered":"Infobox"},"content":{"rendered":"\n<p class=\"has-vivid-red-color has-text-color has-large-font-size\"><strong>Anmeldungen wieder m\u00f6glich. <\/strong><\/p>\n\n\n\n<p>Die Anmeldung f\u00fcr die Erlebniswoche bei den Kanusportfreunden Stahl Finow ist er\u00f6ffnet. Euch erwartet eine spannende, aufregende und erlebnisreiche Woche. Mit viel Abwechslung in der Tagesgestaltung ist eine Menge Spa\u00df garantiert.<\/p>\n\n\n\n<p><strong>Ort<\/strong><br>Werbellinsee in Brandenburg<\/p>\n\n\n\n<p><strong>Alter<\/strong><br>f\u00fcr Kinder von 8 bis 11 Jahren<\/p>\n\n\n\n<p><strong>Inhalte<\/strong><br>Kanusport, Natur, Gemeinschaft und Ferienerlebnisse<\/p>\n\n\n\n<p><strong>Wichtige Infos<\/strong><br>Aktuelle Termine, Preise und Anmeldung im Flyer<\/p>\n\n\n\n<p><\/p>\n","protected":false},"excerpt":{"rendered":"<p>Anmeldungen wieder m\u00f6glich. Die Anmeldung f\u00fcr die Erlebniswoche bei den Kanusportfreunden Stahl Finow ist er\u00f6ffnet. Euch erwartet eine spannende, aufregende und erlebnisreiche Woche. Mit viel Abwechslung in der Tagesgestaltung ist eine Menge Spa\u00df garantiert. OrtWerbellinsee in Brandenburg Alterf\u00fcr Kinder von 8 bis 11 Jahren InhalteKanusport, Natur, Gemeinschaft und Ferienerlebnisse Wichtige InfosAktuelle Termine, Preise und Anmeldung..<\/p>\n<p><a class=\"btn btn-default read-more\" href=\"https:\/\/www.kanu-finow.de\/?page_id=3280\">Read more <span class=\"fa fa-angle-right\"><\/span><\/a><\/p>\n","protected":false},"author":6,"featured_media":0,"parent":507,"menu_order":0,"comment_status":"closed","ping_status":"closed","template":"templates\/full-width-no-sidebar.php","meta":{"footnotes":""},"class_list":["post-3280","page","type-page","status-publish","hentry"],"_links":{"self":[{"href":"https:\/\/www.kanu-finow.de\/index.php?rest_route=\/wp\/v2\/pages\/3280","targetHints":{"allow":["GET"]}}],"collection":[{"href":"https:\/\/www.kanu-finow.de\/index.php?rest_route=\/wp\/v2\/pages"}],"about":[{"href":"https:\/\/www.kanu-finow.de\/index.php?rest_route=\/wp\/v2\/types\/page"}],"author":[{"embeddable":true,"href":"https:\/\/www.kanu-finow.de\/index.php?rest_route=\/wp\/v2\/users\/6"}],"replies":[{"embeddable":true,"href":"https:\/\/www.kanu-finow.de\/index.php?rest_route=%2Fwp%2Fv2%2Fcomments&post=3280"}],"version-history":[{"count":7,"href":"https:\/\/www.kanu-finow.de\/index.php?rest_route=\/wp\/v2\/pages\/3280\/revisions"}],"predecessor-version":[{"id":5121,"href":"https:\/\/www.kanu-finow.de\/index.php?rest_route=\/wp\/v2\/pages\/3280\/revisions\/5121"}],"up":[{"embeddable":true,"href":"https:\/\/www.kanu-finow.de\/index.php?rest_route=\/wp\/v2\/pages\/507"}],"wp:attachment":[{"href":"https:\/\/www.kanu-finow.de\/index.php?rest_route=%2Fwp%2Fv2%2Fmedia&parent=3280"}],"curies":[{"name":"wp","href":"https:\/\/api.w.org\/{rel}","templated":true}]}}