{"id":349,"date":"2018-02-25T21:44:11","date_gmt":"2018-02-25T20:44:11","guid":{"rendered":"http:\/\/dirkw.www7.telta.de\/?page_id=349"},"modified":"2026-01-28T10:30:56","modified_gmt":"2026-01-28T10:30:56","slug":"abteilung","status":"publish","type":"page","link":"https:\/\/www.kanu-finow.de\/?page_id=349","title":{"rendered":"Abteilung"},"content":{"rendered":"\n<p>Die Abteilung Kanu wird von einer sechs k\u00f6pfigen Leitung angef\u00fchrt. Eine zus\u00e4tzliche Unterst\u00fctzung bietet die St\u00fctzpunkttrainerin Julia Hannaske, die seit dem Jahr 2024 in Finow besch\u00e4ftigt ist.<\/p>\n\n\n\n<p>Die Leitung setzt sich aus verschiedenen Positionen zusammen. Diese sind:<\/p>\n\n\n\n<figure class=\"wp-block-pullquote\"><blockquote><p><sup><mark style=\"background-color:rgba(0, 0, 0, 0)\" class=\"has-inline-color has-vivid-red-color\">Abteilungsleiter*in: <strong>Torsten Kulig<\/strong><\/mark><\/sup><br><sup><mark style=\"background-color:rgba(0, 0, 0, 0)\" class=\"has-inline-color has-vivid-red-color\">Kontakt: torsten.kulig@kanu-finow.de<\/mark><\/sup><br><sup><mark style=\"background-color:rgba(0, 0, 0, 0)\" class=\"has-inline-color has-vivid-red-color\">Koordination Breitensport: <strong>Klaus Steinh\u00e4user<\/strong><\/mark><\/sup><br><sup><mark style=\"background-color:rgba(0, 0, 0, 0)\" class=\"has-inline-color has-vivid-red-color\">Sportwart*in: <strong>Andreas Wetterney<\/strong><\/mark><\/sup> <br><sup><mark style=\"background-color:rgba(0, 0, 0, 0)\" class=\"has-inline-color has-vivid-red-color\">Kontakt: sportwart@kanu-finow.de<\/mark><\/sup><br><sup><mark style=\"background-color:rgba(0, 0, 0, 0)\" class=\"has-inline-color has-vivid-red-color\">Kassenwart*in:<\/mark><\/sup> <sup><mark style=\"background-color:rgba(0, 0, 0, 0)\" class=\"has-inline-color has-vivid-red-color\"><strong>Daniel Fritsche <\/strong><\/mark><\/sup><br><sup><mark style=\"background-color:rgba(0, 0, 0, 0)\" class=\"has-inline-color has-vivid-red-color\">Kontakt: kassenwart@kanu-finow.de<\/mark><\/sup><br><sup><mark style=\"background-color:rgba(0, 0, 0, 0)\" class=\"has-inline-color has-vivid-red-color\">Jugendwart*in: <strong>Luisa Lingst\u00e4dt<\/strong><\/mark><\/sup><br><sup><mark style=\"background-color:rgba(0, 0, 0, 0)\" class=\"has-inline-color has-vivid-red-color\">Kontakt: jugendwart@kanu-finow.de<\/mark><\/sup><br><sup><mark style=\"background-color:rgba(0, 0, 0, 0)\" class=\"has-inline-color has-vivid-red-color\">Bootshausverantwortliche*r Finow: <strong>Yvonne Fritsche<\/strong><\/mark><\/sup><br><sup><mark style=\"background-color:rgba(0, 0, 0, 0)\" class=\"has-inline-color has-vivid-red-color\">Kontakt: finowkanal@kanu-finow.de<\/mark><\/sup><br><sup><mark style=\"background-color:rgba(0, 0, 0, 0)\" class=\"has-inline-color has-vivid-red-color\">Bootshausverantwortliche*r Wildau: <strong>Dirk Nikoleit<\/strong><\/mark><\/sup><br><sup><mark style=\"background-color:rgba(0, 0, 0, 0)\" class=\"has-inline-color has-vivid-red-color\">Kontakt: werbellinsee@kanu-finow.de<\/mark><\/sup><br><br><br><\/p><\/blockquote><\/figure>\n\n\n\n<p><strong>Trainingsgruppen &amp; Trainingszeiten<\/strong><\/p>\n\n\n\n<figure class=\"wp-block-table aligncenter is-style-stripes\"><table class=\"has-luminous-vivid-orange-background-color has-background\"><tbody><tr><td>TG Sch\u00fcler A<\/td><td>Montag, Dienstag, Mittwoch, Donnerstag &amp; Freitag &nbsp;<\/td><td>15.30Uhr &#8211; 18.30 Uhr<\/td><td>13-14 Jahre &nbsp;<\/td><td>Julia Hannaske\/ Sebastian Diepold<\/td><\/tr><tr><td>TG Sch\u00fcler B<\/td><td>Montag, Dienstag, Mittwoch, Donnerstag &amp; Freitag \u00a0 \u00a0<\/td><td>15.30 Uhr &#8211; 18.30 Uhr<\/td><td>12 Jahre &nbsp;<\/td><td>Sebastian Diepold\/ Julia Hannaske<\/td><\/tr><tr><td>TG Sch\u00fcler B<\/td><td>Montag, Mittwoch &amp; Freitag<\/td><td>16.00 Uhr &#8211;  18.00 Uhr<\/td><td>9-11 Jahre<\/td><td>Julia Hannaske\/ Sebastian Diepold\/ Lars Regulin\/ Til Gessert<\/td><\/tr><tr><td>TG Jugend<\/td><td>Dienstag, Mittwoch &amp; Freitag<\/td><td>17.00 Uhr &#8211; 18.30 Uhr<\/td><td>10-14 Jahre &nbsp;<\/td><td>Sandra B\u00f6hme; Peter Rungenhagen; Nicole Retzlaff-Rungenhagen<\/td><\/tr><tr><td>TG Starter<\/td><td>Dienstag &amp; Donnerstag<\/td><td>16.00 Uhr &#8211; 18.00 Uhr<\/td><td>8-10 Jahre<\/td><td>Linda Lingst\u00e4dt; Melissa Biesel<br>Julia Hannaske; Til Gessert;<\/td><\/tr><tr><td>TG Kanu-M\u00e4use <\/td><td>Dienstag<\/td><td>15.30 Uhr &#8211;<br>17.00  Uhr &nbsp;<\/td><td><\/td><td>\u00a0Heike Wrona<br> Heidi Walter<\/td><\/tr><tr><td>TG Senioren<\/td><td>Dienstag<\/td><td>18.30 Uhr &#8211; 19.30 Uhr &nbsp;<\/td><td>&nbsp;<\/td><td>Celina Schreihage\/ Thomas Klink<\/td><\/tr><tr><td>TG Frauensport<\/td><td>Donnerstag<\/td><td>10.00 Uhr &#8211; 11.00 Uhr &nbsp;<\/td><td>&nbsp;<\/td><td>Torsten Graupe<\/td><\/tr><tr><td><\/td><td><\/td><td><\/td><td>&nbsp;<\/td><td>&nbsp;<\/td><\/tr><\/tbody><\/table><\/figure>\n\n\n\n<p><\/p>\n","protected":false},"excerpt":{"rendered":"<p>Die Abteilung Kanu wird von einer sechs k\u00f6pfigen Leitung angef\u00fchrt. Eine zus\u00e4tzliche Unterst\u00fctzung bietet die St\u00fctzpunkttrainerin Julia Hannaske, die seit dem Jahr 2024 in Finow besch\u00e4ftigt ist. Die Leitung setzt sich aus verschiedenen Positionen zusammen. Diese sind: Abteilungsleiter*in: Torsten KuligKontakt: torsten.kulig@kanu-finow.deKoordination Breitensport: Klaus Steinh\u00e4userSportwart*in: Andreas Wetterney Kontakt: sportwart@kanu-finow.deKassenwart*in: Daniel Fritsche Kontakt: kassenwart@kanu-finow.deJugendwart*in: Luisa Lingst\u00e4dtKontakt: jugendwart@kanu-finow.deBootshausverantwortliche*r..<\/p>\n<p><a class=\"btn btn-default read-more\" href=\"https:\/\/www.kanu-finow.de\/?page_id=349\">Read more <span class=\"fa fa-angle-right\"><\/span><\/a><\/p>\n","protected":false},"author":1,"featured_media":0,"parent":117,"menu_order":2,"comment_status":"closed","ping_status":"closed","template":"","meta":{"footnotes":""},"class_list":["post-349","page","type-page","status-publish","hentry"],"_links":{"self":[{"href":"https:\/\/www.kanu-finow.de\/index.php?rest_route=\/wp\/v2\/pages\/349","targetHints":{"allow":["GET"]}}],"collection":[{"href":"https:\/\/www.kanu-finow.de\/index.php?rest_route=\/wp\/v2\/pages"}],"about":[{"href":"https:\/\/www.kanu-finow.de\/index.php?rest_route=\/wp\/v2\/types\/page"}],"author":[{"embeddable":true,"href":"https:\/\/www.kanu-finow.de\/index.php?rest_route=\/wp\/v2\/users\/1"}],"replies":[{"embeddable":true,"href":"https:\/\/www.kanu-finow.de\/index.php?rest_route=%2Fwp%2Fv2%2Fcomments&post=349"}],"version-history":[{"count":10,"href":"https:\/\/www.kanu-finow.de\/index.php?rest_route=\/wp\/v2\/pages\/349\/revisions"}],"predecessor-version":[{"id":5015,"href":"https:\/\/www.kanu-finow.de\/index.php?rest_route=\/wp\/v2\/pages\/349\/revisions\/5015"}],"up":[{"embeddable":true,"href":"https:\/\/www.kanu-finow.de\/index.php?rest_route=\/wp\/v2\/pages\/117"}],"wp:attachment":[{"href":"https:\/\/www.kanu-finow.de\/index.php?rest_route=%2Fwp%2Fv2%2Fmedia&parent=349"}],"curies":[{"name":"wp","href":"https:\/\/api.w.org\/{rel}","templated":true}]}}