{"id":353,"date":"2018-02-25T21:44:11","date_gmt":"2018-02-25T20:44:11","guid":{"rendered":"http:\/\/dirkw.www7.telta.de\/?page_id=353"},"modified":"2022-05-04T19:13:20","modified_gmt":"2022-05-04T19:13:20","slug":"impressum","status":"publish","type":"page","link":"https:\/\/www.kanu-finow.de\/?page_id=353","title":{"rendered":"Impressum"},"content":{"rendered":"<div id=\"middle\">\n<div id=\"middle-content\">\n<div id=\"middle-marker-box\">\n<div id=\"middle-marker\">\n<div id=\"c163\" class=\"csc-default\">\n<div class=\"csc-header csc-header-n2\">\n<h3>SV Stahl Finow\u00a0e.V., Abteilung Kanu<\/h3>\n<\/div>\n<p class=\"bodytext\">Altenhofer Stra\u00dfe 55<br \/>\n16227 Eberswalde<br \/>\nGermany<\/p>\n<p class=\"bodytext\">Telefon: +49 (0)3334 33185<br \/>\nTelefax: +49 (0)3334 33185<br \/>\neMail: <a>info(at)kanu-finow.de\u00a0 \u00a0 <\/a><\/p>\n<p class=\"bodytext\">Internet: <a href=\"http:\/\/www.kanu-finow.de\" target=\"_blank\" rel=\"noopener\">www.kanu-finow.de<\/a><\/p>\n<div id=\"c238\" class=\"csc-default\">\n<div class=\"csc-header csc-header-n3\">\n<h3>Vorstand im Sinne des Vereinsrechts<\/h3>\n<\/div>\n<p class=\"bodytext\">Toralf Reinhardt (Vorsitzender)<br \/>\nTorsten Kulig (Stellvertreter)<br \/>\nIlka Schulze (Stellvertreter)<br \/>\nAxel Schulz\u00a0(Schatzmeister)<\/p>\n<\/div>\n<div id=\"c239\" class=\"csc-default\">\n<div class=\"csc-header csc-header-n4\">\n<h3>Registergericht<\/h3>\n<\/div>\n<p class=\"bodytext\">Amtsgericht Frankfurt\/Oder<\/p>\n<p class=\"bodytext\">Registernummer: VR 1993<\/p>\n<\/div>\n<div id=\"c229\" class=\"csc-default\">\n<div class=\"csc-header csc-header-n5\">\n<h3>Angaben gem\u00e4\u00df \u00a7 5 und \u00a76 TMG<\/h3>\n<\/div>\n<p class=\"bodytext\">Inhaltlich und redaktionell verantwortlich als Vorstand im Sinne des Vereinsrechts ist Torsten Kulig als Abteilungsleiter Kanu (Mitglied im Vorstand SV Stahl Finow e.V.).<\/p>\n<\/div>\n<div id=\"c240\" class=\"csc-default\">\n<div class=\"csc-header csc-header-n6\">\n<div id=\"c231\" class=\"csc-default\">\n<div class=\"csc-header csc-header-n8\">\n<h3>Haftungshinweis<\/h3>\n<\/div>\n<p class=\"bodytext\">F\u00fcr die gesamte Internetsite liegt das Copyright f\u00fcr Idee, Text, Gestaltung, Bilder, Fotos e.t.c., soweit nicht anders angegeben, beim SV Stahl Finow e.V., Abteilung Kanu.\u00a0S\u00e4mtliche Informationen, Grafiken, Bilder, Videos und Fotos dieser Seiten sind urheberrechtlich gesch\u00fctzt.<\/p>\n<p class=\"bodytext\">Trotz sorgf\u00e4ltiger inhaltlicher Kontrolle \u00fcbernehmen wir keine Haftung f\u00fcr die Inhalte externer Links. F\u00fcr den Inhalt der verlinkten Seiten sind ausschlie\u00dflich deren Betreiber verantwortlich.<\/p>\n<\/div>\n<div id=\"c232\" class=\"csc-default\">\n<div class=\"csc-header csc-header-n9\"><\/div>\n<\/div>\n<\/div>\n<\/div>\n<\/div>\n<\/div>\n<\/div>\n<\/div>\n<\/div>\n<div id=\"left\">\n<div id=\"left-content\">\n<div id=\"left-menu-box\"><\/div>\n<div id=\"left-marker-box\">\n<div id=\"left-marker\"><\/div>\n<\/div>\n<\/div>\n<\/div>\n","protected":false},"excerpt":{"rendered":"<p>SV Stahl Finow\u00a0e.V., Abteilung Kanu Altenhofer Stra\u00dfe 55 16227 Eberswalde Germany Telefon: +49 (0)3334 33185 Telefax: +49 (0)3334 33185 eMail: info(at)kanu-finow.de\u00a0 \u00a0 Internet: www.kanu-finow.de Vorstand im Sinne des Vereinsrechts Toralf Reinhardt (Vorsitzender) Torsten Kulig (Stellvertreter) Ilka Schulze (Stellvertreter) Axel Schulz\u00a0(Schatzmeister) Registergericht Amtsgericht Frankfurt\/Oder Registernummer: VR 1993 Angaben gem\u00e4\u00df \u00a7 5 und \u00a76 TMG Inhaltlich und..<\/p>\n<p><a class=\"btn btn-default read-more\" href=\"https:\/\/www.kanu-finow.de\/?page_id=353\">Read more <span class=\"fa fa-angle-right\"><\/span><\/a><\/p>\n","protected":false},"author":1,"featured_media":0,"parent":0,"menu_order":0,"comment_status":"closed","ping_status":"closed","template":"templates\/no-sidebar.php","meta":{"footnotes":""},"class_list":["post-353","page","type-page","status-publish","hentry"],"_links":{"self":[{"href":"https:\/\/www.kanu-finow.de\/index.php?rest_route=\/wp\/v2\/pages\/353","targetHints":{"allow":["GET"]}}],"collection":[{"href":"https:\/\/www.kanu-finow.de\/index.php?rest_route=\/wp\/v2\/pages"}],"about":[{"href":"https:\/\/www.kanu-finow.de\/index.php?rest_route=\/wp\/v2\/types\/page"}],"author":[{"embeddable":true,"href":"https:\/\/www.kanu-finow.de\/index.php?rest_route=\/wp\/v2\/users\/1"}],"replies":[{"embeddable":true,"href":"https:\/\/www.kanu-finow.de\/index.php?rest_route=%2Fwp%2Fv2%2Fcomments&post=353"}],"version-history":[{"count":1,"href":"https:\/\/www.kanu-finow.de\/index.php?rest_route=\/wp\/v2\/pages\/353\/revisions"}],"predecessor-version":[{"id":883,"href":"https:\/\/www.kanu-finow.de\/index.php?rest_route=\/wp\/v2\/pages\/353\/revisions\/883"}],"wp:attachment":[{"href":"https:\/\/www.kanu-finow.de\/index.php?rest_route=%2Fwp%2Fv2%2Fmedia&parent=353"}],"curies":[{"name":"wp","href":"https:\/\/api.w.org\/{rel}","templated":true}]}}